{"id":86,"date":"2018-04-19T15:20:03","date_gmt":"2018-04-19T18:20:03","guid":{"rendered":"http:\/\/www.medit.com.br\/site\/?page_id=86"},"modified":"2025-07-28T08:50:40","modified_gmt":"2025-07-28T11:50:40","slug":"atendimento","status":"publish","type":"page","link":"https:\/\/www.medit.com.br\/site\/atendimento\/","title":{"rendered":"Atendimento"},"content":{"rendered":"<p>Atendimento por agendamento. De 2\u00aa \u00e0 6\u00aa Feira.<br \/>\nRua Jo\u00e3o Penteado 376 (entre as ruas Visconde de Inha\u00fama e Bar\u00e3o do Amazonas).<\/p>\n<p>Dever\u00e3o apresentar guia de encaminhamento, especificando quais exames ser\u00e3o realizados, e qualquer documento de identifica\u00e7\u00e3o com foto.<\/p>\n<p>Atendimento m\u00e9dico:<br \/>\nManh\u00e3 &#8211; das 07:30 \u00e0s 12:00 h<br \/>\nTarde &#8211; das 12:00 \u00e0s 16:30 h<\/p>\n<p>Audiometrias:<br \/>\nManh\u00e3 &#8211; das 07:30 \u00e0s 11:30 h<\/p>\n<p>Retirada de documentos:<br \/>\nManh\u00e3 &#8211; das 07:30 \u00e0s 12:00 h<br \/>\nTarde &#8211; das 12:00 \u00e0s 17:00 h<\/p>\n","protected":false},"excerpt":{"rendered":"<p>Atendimento por agendamento. De 2\u00aa \u00e0 6\u00aa Feira. Rua Jo\u00e3o Penteado 376 (entre as ruas Visconde de Inha\u00fama e Bar\u00e3o do Amazonas). Dever\u00e3o apresentar guia de encaminhamento, especificando quais exames ser\u00e3o realizados, e qualquer documento de identifica\u00e7\u00e3o com foto. Atendimento m\u00e9dico: Manh\u00e3 &#8211; das 07:30 \u00e0s 12:00 h Tarde &#8211; das 12:00 \u00e0s 16:30 h &hellip; <\/p>\n<p class=\"link-more\"><a href=\"https:\/\/www.medit.com.br\/site\/atendimento\/\" class=\"more-link\">Continue lendo<span class=\"screen-reader-text\"> &#8220;Atendimento&#8221;<\/span><\/a><\/p>\n","protected":false},"author":2,"featured_media":0,"parent":0,"menu_order":0,"comment_status":"closed","ping_status":"closed","template":"","meta":{"_joinchat":[],"footnotes":""},"class_list":["post-86","page","type-page","status-publish","hentry"],"_links":{"self":[{"href":"https:\/\/www.medit.com.br\/site\/wp-json\/wp\/v2\/pages\/86","targetHints":{"allow":["GET"]}}],"collection":[{"href":"https:\/\/www.medit.com.br\/site\/wp-json\/wp\/v2\/pages"}],"about":[{"href":"https:\/\/www.medit.com.br\/site\/wp-json\/wp\/v2\/types\/page"}],"author":[{"embeddable":true,"href":"https:\/\/www.medit.com.br\/site\/wp-json\/wp\/v2\/users\/2"}],"replies":[{"embeddable":true,"href":"https:\/\/www.medit.com.br\/site\/wp-json\/wp\/v2\/comments?post=86"}],"version-history":[{"count":6,"href":"https:\/\/www.medit.com.br\/site\/wp-json\/wp\/v2\/pages\/86\/revisions"}],"predecessor-version":[{"id":148,"href":"https:\/\/www.medit.com.br\/site\/wp-json\/wp\/v2\/pages\/86\/revisions\/148"}],"wp:attachment":[{"href":"https:\/\/www.medit.com.br\/site\/wp-json\/wp\/v2\/media?parent=86"}],"curies":[{"name":"wp","href":"https:\/\/api.w.org\/{rel}","templated":true}]}}