{"id":5,"date":"2017-10-03T19:11:28","date_gmt":"2017-10-03T22:11:28","guid":{"rendered":"http:\/\/www.feltom.com.br\/medit\/?page_id=2"},"modified":"2018-04-19T13:29:38","modified_gmt":"2018-04-19T16:29:38","slug":"pagina-exemplo-2","status":"publish","type":"page","link":"https:\/\/www.medit.com.br\/site\/","title":{"rendered":"Apresenta\u00e7\u00e3o"},"content":{"rendered":"<p>A MEDIT auxilia desde 1994 as empresas de Ribeir\u00e3o Preto e regi\u00e3o a atender as exig\u00eancias da legisla\u00e7\u00e3o na \u00e1rea de Seguran\u00e7a e Medicina do Trabalho.<\/p>\n<p>Temos como objetivo a promo\u00e7\u00e3o e preserva\u00e7\u00e3o da sa\u00fade e da integridade do conjunto dos seus trabalhadores, atrav\u00e9s da preven\u00e7\u00e3o, rastreamento e diagn\u00f3stico precoce dos agravos \u00e0 sa\u00fade relacionados ao trabalho e da antecipa\u00e7\u00e3o, reconhecimento, avalia\u00e7\u00e3o e controle da ocorr\u00eancia de riscos ambientais existentes atrav\u00e9s da elabora\u00e7\u00e3o dos diversos programas definidos pelas Normas Regulamentadoras, dos laudos ambientais e dos controles cl\u00ednicos exigidos pela Vigil\u00e2ncia Sanit\u00e1ria para os estabelecimentos que processem alimentos.<\/p>\n","protected":false},"excerpt":{"rendered":"<p>A MEDIT auxilia desde 1994 as empresas de Ribeir\u00e3o Preto e regi\u00e3o a atender as exig\u00eancias da legisla\u00e7\u00e3o na \u00e1rea de Seguran\u00e7a e Medicina do Trabalho. Temos como objetivo a promo\u00e7\u00e3o e preserva\u00e7\u00e3o da sa\u00fade e da integridade do conjunto dos seus trabalhadores, atrav\u00e9s da preven\u00e7\u00e3o, rastreamento e diagn\u00f3stico precoce dos agravos \u00e0 sa\u00fade relacionados &hellip; <\/p>\n<p class=\"link-more\"><a href=\"https:\/\/www.medit.com.br\/site\/\" class=\"more-link\">Continue lendo<span class=\"screen-reader-text\"> &#8220;Apresenta\u00e7\u00e3o&#8221;<\/span><\/a><\/p>\n","protected":false},"author":1,"featured_media":0,"parent":0,"menu_order":0,"comment_status":"closed","ping_status":"open","template":"","meta":{"_joinchat":[],"footnotes":""},"class_list":["post-5","page","type-page","status-publish","hentry"],"_links":{"self":[{"href":"https:\/\/www.medit.com.br\/site\/wp-json\/wp\/v2\/pages\/5","targetHints":{"allow":["GET"]}}],"collection":[{"href":"https:\/\/www.medit.com.br\/site\/wp-json\/wp\/v2\/pages"}],"about":[{"href":"https:\/\/www.medit.com.br\/site\/wp-json\/wp\/v2\/types\/page"}],"author":[{"embeddable":true,"href":"https:\/\/www.medit.com.br\/site\/wp-json\/wp\/v2\/users\/1"}],"replies":[{"embeddable":true,"href":"https:\/\/www.medit.com.br\/site\/wp-json\/wp\/v2\/comments?post=5"}],"version-history":[{"count":1,"href":"https:\/\/www.medit.com.br\/site\/wp-json\/wp\/v2\/pages\/5\/revisions"}],"predecessor-version":[{"id":84,"href":"https:\/\/www.medit.com.br\/site\/wp-json\/wp\/v2\/pages\/5\/revisions\/84"}],"wp:attachment":[{"href":"https:\/\/www.medit.com.br\/site\/wp-json\/wp\/v2\/media?parent=5"}],"curies":[{"name":"wp","href":"https:\/\/api.w.org\/{rel}","templated":true}]}}