{"id":46,"date":"2017-10-04T08:38:43","date_gmt":"2017-10-04T11:38:43","guid":{"rendered":"http:\/\/www.feltom.com.br\/medit\/?page_id=46"},"modified":"2025-07-28T13:48:31","modified_gmt":"2025-07-28T16:48:31","slug":"ppra","status":"publish","type":"page","link":"https:\/\/www.medit.com.br\/site\/ppra\/","title":{"rendered":"PGR"},"content":{"rendered":"<p>Programa de Gerenciamento de Riscos &#8211; PGR<\/p>\n<p>O PGR \u00e9 um documento estabelecido pela NR-1 (Norma Regulamentadora n\u00ba 1) que visa gerenciar os riscos ocupacionais em ambientes de trabalho. Ele engloba a identifica\u00e7\u00e3o, avalia\u00e7\u00e3o e controle dos riscos, com o objetivo de garantir um ambiente de trabalho seguro e saud\u00e1vel.<\/p>\n<p>Este Programa \u00e9 obrigat\u00f3rio para todas as organiza\u00e7\u00f5es que admitam trabalhadores sob a CLT. Por\u00e9m, existem exce\u00e7\u00f5es para MEI, ME e EPP, previstas na NR-1. Fale com nossa equipe para entender como sua empresa se enquadra.<\/p>\n<p>&#8211; <a href=\" http:\/\/www.medit.com.br\/site\/a-medit-e-o-ppra\/\" rel=\"noopener\">A MEDIT e o PGR<\/a><\/p>\n","protected":false},"excerpt":{"rendered":"<p>Programa de Gerenciamento de Riscos &#8211; PGR O PGR \u00e9 um documento estabelecido pela NR-1 (Norma Regulamentadora n\u00ba 1) que visa gerenciar os riscos ocupacionais em ambientes de trabalho. Ele engloba a identifica\u00e7\u00e3o, avalia\u00e7\u00e3o e controle dos riscos, com o objetivo de garantir um ambiente de trabalho seguro e saud\u00e1vel. Este Programa \u00e9 obrigat\u00f3rio para &hellip; <\/p>\n<p class=\"link-more\"><a href=\"https:\/\/www.medit.com.br\/site\/ppra\/\" class=\"more-link\">Continue lendo<span class=\"screen-reader-text\"> &#8220;PGR&#8221;<\/span><\/a><\/p>\n","protected":false},"author":1,"featured_media":0,"parent":0,"menu_order":0,"comment_status":"closed","ping_status":"closed","template":"","meta":{"_joinchat":[],"footnotes":""},"class_list":["post-46","page","type-page","status-publish","hentry"],"_links":{"self":[{"href":"https:\/\/www.medit.com.br\/site\/wp-json\/wp\/v2\/pages\/46","targetHints":{"allow":["GET"]}}],"collection":[{"href":"https:\/\/www.medit.com.br\/site\/wp-json\/wp\/v2\/pages"}],"about":[{"href":"https:\/\/www.medit.com.br\/site\/wp-json\/wp\/v2\/types\/page"}],"author":[{"embeddable":true,"href":"https:\/\/www.medit.com.br\/site\/wp-json\/wp\/v2\/users\/1"}],"replies":[{"embeddable":true,"href":"https:\/\/www.medit.com.br\/site\/wp-json\/wp\/v2\/comments?post=46"}],"version-history":[{"count":5,"href":"https:\/\/www.medit.com.br\/site\/wp-json\/wp\/v2\/pages\/46\/revisions"}],"predecessor-version":[{"id":156,"href":"https:\/\/www.medit.com.br\/site\/wp-json\/wp\/v2\/pages\/46\/revisions\/156"}],"wp:attachment":[{"href":"https:\/\/www.medit.com.br\/site\/wp-json\/wp\/v2\/media?parent=46"}],"curies":[{"name":"wp","href":"https:\/\/api.w.org\/{rel}","templated":true}]}}