{"id":44,"date":"2017-10-04T08:37:48","date_gmt":"2017-10-04T11:37:48","guid":{"rendered":"http:\/\/www.feltom.com.br\/medit\/?page_id=44"},"modified":"2018-04-25T08:32:51","modified_gmt":"2018-04-25T11:32:51","slug":"ppp","status":"publish","type":"page","link":"https:\/\/www.medit.com.br\/site\/ppp\/","title":{"rendered":"PPP"},"content":{"rendered":"<p>Perfil Profissiogr\u00e1fico Previdenci\u00e1rio &#8211; PPP<\/p>\n<p>\u00c9 um formul\u00e1rio que deve ser preenchido pelas empresas que exercem atividades que exponham seus empregados a agentes nocivos qu\u00edmicos, f\u00edsicos, biol\u00f3gicos. Deve conter todas as informa\u00e7\u00f5es relativas ao empregado, como por exemplo, a atividade que exerce, o agente nocivo ao qual \u00e9 exposto, a intensidade e a concentra\u00e7\u00e3o do agente, exames m\u00e9dicos ocupacionais, al\u00e9m de dados referentes \u00e0 empresa.<\/p>\n<p>A comprova\u00e7\u00e3o do exerc\u00edcio de atividade especial atrav\u00e9s do PPP se d\u00e1 a partir de 1\u00ba de janeiro de 2004, sendo emitido pela empresa com base em laudo t\u00e9cnico de condi\u00e7\u00f5es ambientais de trabalho. Entretanto, para per\u00edodos laborados at\u00e9 31 de dezembro de 2003, \u00e9 aceito o DIRBEN-8030, desde que emitido at\u00e9 essa data.<\/p>\n","protected":false},"excerpt":{"rendered":"<p>Perfil Profissiogr\u00e1fico Previdenci\u00e1rio &#8211; PPP \u00c9 um formul\u00e1rio que deve ser preenchido pelas empresas que exercem atividades que exponham seus empregados a agentes nocivos qu\u00edmicos, f\u00edsicos, biol\u00f3gicos. Deve conter todas as informa\u00e7\u00f5es relativas ao empregado, como por exemplo, a atividade que exerce, o agente nocivo ao qual \u00e9 exposto, a intensidade e a concentra\u00e7\u00e3o do &hellip; <\/p>\n<p class=\"link-more\"><a href=\"https:\/\/www.medit.com.br\/site\/ppp\/\" class=\"more-link\">Continue lendo<span class=\"screen-reader-text\"> &#8220;PPP&#8221;<\/span><\/a><\/p>\n","protected":false},"author":1,"featured_media":0,"parent":0,"menu_order":0,"comment_status":"closed","ping_status":"closed","template":"","meta":{"_joinchat":[],"footnotes":""},"class_list":["post-44","page","type-page","status-publish","hentry"],"_links":{"self":[{"href":"https:\/\/www.medit.com.br\/site\/wp-json\/wp\/v2\/pages\/44","targetHints":{"allow":["GET"]}}],"collection":[{"href":"https:\/\/www.medit.com.br\/site\/wp-json\/wp\/v2\/pages"}],"about":[{"href":"https:\/\/www.medit.com.br\/site\/wp-json\/wp\/v2\/types\/page"}],"author":[{"embeddable":true,"href":"https:\/\/www.medit.com.br\/site\/wp-json\/wp\/v2\/users\/1"}],"replies":[{"embeddable":true,"href":"https:\/\/www.medit.com.br\/site\/wp-json\/wp\/v2\/comments?post=44"}],"version-history":[{"count":1,"href":"https:\/\/www.medit.com.br\/site\/wp-json\/wp\/v2\/pages\/44\/revisions"}],"predecessor-version":[{"id":131,"href":"https:\/\/www.medit.com.br\/site\/wp-json\/wp\/v2\/pages\/44\/revisions\/131"}],"wp:attachment":[{"href":"https:\/\/www.medit.com.br\/site\/wp-json\/wp\/v2\/media?parent=44"}],"curies":[{"name":"wp","href":"https:\/\/api.w.org\/{rel}","templated":true}]}}