{"id":42,"date":"2017-10-04T08:36:48","date_gmt":"2017-10-04T11:36:48","guid":{"rendered":"http:\/\/www.feltom.com.br\/medit\/?page_id=42"},"modified":"2025-07-28T13:51:11","modified_gmt":"2025-07-28T16:51:11","slug":"pcmso","status":"publish","type":"page","link":"https:\/\/www.medit.com.br\/site\/pcmso\/","title":{"rendered":"PCMSO"},"content":{"rendered":"<p>Programa de Controle M\u00e9dico de Sa\u00fade Ocupacional &#8211; PCMSO<\/p>\n<p>O PCMSO \u00e9 a s\u00e9tima norma regulamentadora (NR-7) da legisla\u00e7\u00e3o de seguran\u00e7a e medicina do trabalho e tem sua exist\u00eancia jur\u00eddica assegurada, a n\u00edvel de legisla\u00e7\u00e3o ordin\u00e1ria, atrav\u00e9s dos artigos 168 e 169 da CLT. \u00c9 parte integrante do conjunto mais amplo da sa\u00fade dos trabalhadores, considerando as quest\u00f5es de incidentes sobre o homem, com \u00eanfase no instrumental cl\u00ednico-epidemiol\u00f3gico, na abordagem da rela\u00e7\u00e3o entre sa\u00fade e o trabalho, que dever\u00e1 ter prioridade na preven\u00e7\u00e3o, rastreamento e diagn\u00f3stico preventivo dos aspectos de sa\u00fade relacionados ao trabalho, inclusive de natureza subcl\u00ednica al\u00e9m da constata\u00e7\u00e3o da exist\u00eancia de doen\u00e7as ocupacionais.<\/p>\n<p>Destacam-se a estreita rela\u00e7\u00e3o entre o PCMSO com o PGR (NR-1), ambas amparadas pela legisla\u00e7\u00e3o vigente. Os princ\u00edpios da NR-7 foram introduzidos atrav\u00e9s n\u00ba 24 de 29\/12\/94, portanto com validade a partir de 01\/01\/95.<\/p>\n<p>\u00c9 obrigat\u00f3ria sua elabora\u00e7\u00e3o e implementa\u00e7\u00e3o, por parte de todos os empregadores e institui\u00e7\u00f5es que admitam trabalhadores como empregados, com o objetivo de promo\u00e7\u00e3o e preserva\u00e7\u00e3o da sa\u00fade do conjunto dos seus trabalhadores. O n\u00e3o cumprimento desta norma acarretar\u00e1 multas ao empregados conforme c\u00f3digos previstos na NR 28 da Legisla\u00e7\u00e3o de Seguran\u00e7a e Medicina do Trabalho.<\/p>\n<p>O PCMSO deve incluir a realiza\u00e7\u00e3o dos exames ocupacionais: admissional, peri\u00f3dico, retorno ao trabalho, mudan\u00e7a de fun\u00e7\u00e3o e demissional.<\/p>\n<p>A Portaria n\u00ba 8 desobriga algumas empresas, conforme grau de risco e n\u00famero de empregados, apenas da indica\u00e7\u00e3o do m\u00e9dico coordenador e da confec\u00e7\u00e3o do relat\u00f3rio anual, mas, em hip\u00f3tese alguma, a desobriga da elabora\u00e7\u00e3o e implanta\u00e7\u00e3o do PCMSO.<\/p>\n<p>&#8211; <a href=\"http:\/\/www.medit.com.br\/site\/a-medit-e-o-pcmso\/\" rel=\"noopener\">A MEDIT e o PCMSO<\/a><\/p>\n","protected":false},"excerpt":{"rendered":"<p>Programa de Controle M\u00e9dico de Sa\u00fade Ocupacional &#8211; PCMSO O PCMSO \u00e9 a s\u00e9tima norma regulamentadora (NR-7) da legisla\u00e7\u00e3o de seguran\u00e7a e medicina do trabalho e tem sua exist\u00eancia jur\u00eddica assegurada, a n\u00edvel de legisla\u00e7\u00e3o ordin\u00e1ria, atrav\u00e9s dos artigos 168 e 169 da CLT. \u00c9 parte integrante do conjunto mais amplo da sa\u00fade dos trabalhadores, &hellip; <\/p>\n<p class=\"link-more\"><a href=\"https:\/\/www.medit.com.br\/site\/pcmso\/\" class=\"more-link\">Continue lendo<span class=\"screen-reader-text\"> &#8220;PCMSO&#8221;<\/span><\/a><\/p>\n","protected":false},"author":1,"featured_media":0,"parent":0,"menu_order":0,"comment_status":"closed","ping_status":"closed","template":"","meta":{"_joinchat":[],"footnotes":""},"class_list":["post-42","page","type-page","status-publish","hentry"],"_links":{"self":[{"href":"https:\/\/www.medit.com.br\/site\/wp-json\/wp\/v2\/pages\/42","targetHints":{"allow":["GET"]}}],"collection":[{"href":"https:\/\/www.medit.com.br\/site\/wp-json\/wp\/v2\/pages"}],"about":[{"href":"https:\/\/www.medit.com.br\/site\/wp-json\/wp\/v2\/types\/page"}],"author":[{"embeddable":true,"href":"https:\/\/www.medit.com.br\/site\/wp-json\/wp\/v2\/users\/1"}],"replies":[{"embeddable":true,"href":"https:\/\/www.medit.com.br\/site\/wp-json\/wp\/v2\/comments?post=42"}],"version-history":[{"count":9,"href":"https:\/\/www.medit.com.br\/site\/wp-json\/wp\/v2\/pages\/42\/revisions"}],"predecessor-version":[{"id":157,"href":"https:\/\/www.medit.com.br\/site\/wp-json\/wp\/v2\/pages\/42\/revisions\/157"}],"wp:attachment":[{"href":"https:\/\/www.medit.com.br\/site\/wp-json\/wp\/v2\/media?parent=42"}],"curies":[{"name":"wp","href":"https:\/\/api.w.org\/{rel}","templated":true}]}}