{"id":40,"date":"2017-10-04T08:35:39","date_gmt":"2017-10-04T11:35:39","guid":{"rendered":"http:\/\/www.feltom.com.br\/medit\/?page_id=40"},"modified":"2025-07-28T14:03:39","modified_gmt":"2025-07-28T17:03:39","slug":"palestras","status":"publish","type":"page","link":"https:\/\/www.medit.com.br\/site\/palestras\/","title":{"rendered":"Palestras"},"content":{"rendered":"<p>Palestras<\/p>\n<p>A MEDIT possui profissionais habilitados \u00e0 ministrar diversas palestras e treinamenos, dentre elas:<\/p>\n<p>&#8211; Comunica\u00e7\u00e3o no trabalho<br \/>\n&#8211; Depend\u00eancia qu\u00edmica<br \/>\n&#8211; Doen\u00e7as sexualmente transmiss\u00edveis e AIDS<br \/>\n&#8211; Ergonomia<br \/>\n&#8211; Gin\u00e1stica ergon\u00f4mica<br \/>\n&#8211; No\u00e7\u00f5es b\u00e1sicas de primeiros socorros<br \/>\n&#8211; Organiza\u00e7\u00e3o e planejamento do trabalho<br \/>\n&#8211; Tabagismo e alcoolismo<\/p>\n<p>Palestras de orienta\u00e7\u00e3o indicadas pelo PGR:<\/p>\n<p>&#8211; Princ\u00edpios b\u00e1sicos de preven\u00e7\u00e3o de inc\u00eandios<br \/>\n&#8211; Prote\u00e7\u00e3o auditiva e respirat\u00f3ria<br \/>\n&#8211; Riscos existentes e como se proteger.<br \/>\n&#8211; Uso correto de EPI<\/p>\n","protected":false},"excerpt":{"rendered":"<p>Palestras A MEDIT possui profissionais habilitados \u00e0 ministrar diversas palestras e treinamenos, dentre elas: &#8211; Comunica\u00e7\u00e3o no trabalho &#8211; Depend\u00eancia qu\u00edmica &#8211; Doen\u00e7as sexualmente transmiss\u00edveis e AIDS &#8211; Ergonomia &#8211; Gin\u00e1stica ergon\u00f4mica &#8211; No\u00e7\u00f5es b\u00e1sicas de primeiros socorros &#8211; Organiza\u00e7\u00e3o e planejamento do trabalho &#8211; Tabagismo e alcoolismo Palestras de orienta\u00e7\u00e3o indicadas pelo PGR: &#8211; &hellip; <\/p>\n<p class=\"link-more\"><a href=\"https:\/\/www.medit.com.br\/site\/palestras\/\" class=\"more-link\">Continue lendo<span class=\"screen-reader-text\"> &#8220;Palestras&#8221;<\/span><\/a><\/p>\n","protected":false},"author":1,"featured_media":0,"parent":0,"menu_order":0,"comment_status":"closed","ping_status":"closed","template":"","meta":{"_joinchat":[],"footnotes":""},"class_list":["post-40","page","type-page","status-publish","hentry"],"_links":{"self":[{"href":"https:\/\/www.medit.com.br\/site\/wp-json\/wp\/v2\/pages\/40","targetHints":{"allow":["GET"]}}],"collection":[{"href":"https:\/\/www.medit.com.br\/site\/wp-json\/wp\/v2\/pages"}],"about":[{"href":"https:\/\/www.medit.com.br\/site\/wp-json\/wp\/v2\/types\/page"}],"author":[{"embeddable":true,"href":"https:\/\/www.medit.com.br\/site\/wp-json\/wp\/v2\/users\/1"}],"replies":[{"embeddable":true,"href":"https:\/\/www.medit.com.br\/site\/wp-json\/wp\/v2\/comments?post=40"}],"version-history":[{"count":2,"href":"https:\/\/www.medit.com.br\/site\/wp-json\/wp\/v2\/pages\/40\/revisions"}],"predecessor-version":[{"id":165,"href":"https:\/\/www.medit.com.br\/site\/wp-json\/wp\/v2\/pages\/40\/revisions\/165"}],"wp:attachment":[{"href":"https:\/\/www.medit.com.br\/site\/wp-json\/wp\/v2\/media?parent=40"}],"curies":[{"name":"wp","href":"https:\/\/api.w.org\/{rel}","templated":true}]}}