{"id":38,"date":"2017-10-04T08:35:17","date_gmt":"2017-10-04T11:35:17","guid":{"rendered":"http:\/\/www.feltom.com.br\/medit\/?page_id=38"},"modified":"2025-07-28T14:02:28","modified_gmt":"2025-07-28T17:02:28","slug":"ltcat","status":"publish","type":"page","link":"https:\/\/www.medit.com.br\/site\/ltcat\/","title":{"rendered":"LTCAT"},"content":{"rendered":"<p>Laudo T\u00e9cnico de Condi\u00e7\u00f5es Ambientais &#8211; LTCAT<\/p>\n<p>O Levantamento Ambiental objetiva detectar locais onde existam riscos acima do Limite de Toler\u00e2ncia, indicando poss\u00edvel adicional de insalubridade a que o trabalhador tem direito conforme preconizado na legisla\u00e7\u00e3o trabalhista, o trabalho visa contemplar tamb\u00e9m a lei 9.732, de 11.12.98, introduziu, entre outras, as seguintes altera\u00e7\u00f5es quais sejam:<\/p>\n<p>Laudos dever\u00e3o ser emitidos nos termos da legisla\u00e7\u00e3o trabalhista; Refer\u00eancia a exist\u00eancia de prote\u00e7\u00e3o individual e coletiva; Acr\u00e9scimo das al\u00edquotas proporcionais \u00e0 redu\u00e7\u00e3o do tempo de trabalho:<br \/>\n&#8211; 12% para atividade que enseje aposentadoria ap\u00f3s 15 anos de contribui\u00e7\u00e3o:<br \/>\n&#8211; 9% para atividade que enseje aposentadoria ap\u00f3s 20 anos de contribui\u00e7\u00e3o;<br \/>\n&#8211; 6% para atividade que enseje aposentadoria ap\u00f3s 25 anos de contribui\u00e7\u00e3o.<\/p>\n<p>Importante ressalvar que n\u00e3o \u00e9 a simples presen\u00e7a dos agentes nocivos no ambiente de trabalho que proporciona o direito \u00e0 aposentadoria especial. Mas sim, a comprova\u00e7\u00e3o de que a exposi\u00e7\u00e3o a eles \u00e9 prejudicial \u00e0 sa\u00fade ou \u00e0 integridade f\u00edsica.<\/p>\n<p>O trabalho visa tamb\u00e9m dar suporte t\u00e9cnico ao departamento jur\u00eddico da empresa, em a\u00e7\u00f5es trabalhistas ou a\u00e7\u00f5es da esfera civil.<\/p>\n","protected":false},"excerpt":{"rendered":"<p>Laudo T\u00e9cnico de Condi\u00e7\u00f5es Ambientais &#8211; LTCAT O Levantamento Ambiental objetiva detectar locais onde existam riscos acima do Limite de Toler\u00e2ncia, indicando poss\u00edvel adicional de insalubridade a que o trabalhador tem direito conforme preconizado na legisla\u00e7\u00e3o trabalhista, o trabalho visa contemplar tamb\u00e9m a lei 9.732, de 11.12.98, introduziu, entre outras, as seguintes altera\u00e7\u00f5es quais sejam: &hellip; <\/p>\n<p class=\"link-more\"><a href=\"https:\/\/www.medit.com.br\/site\/ltcat\/\" class=\"more-link\">Continue lendo<span class=\"screen-reader-text\"> &#8220;LTCAT&#8221;<\/span><\/a><\/p>\n","protected":false},"author":1,"featured_media":0,"parent":0,"menu_order":0,"comment_status":"closed","ping_status":"closed","template":"","meta":{"_joinchat":[],"footnotes":""},"class_list":["post-38","page","type-page","status-publish","hentry"],"_links":{"self":[{"href":"https:\/\/www.medit.com.br\/site\/wp-json\/wp\/v2\/pages\/38","targetHints":{"allow":["GET"]}}],"collection":[{"href":"https:\/\/www.medit.com.br\/site\/wp-json\/wp\/v2\/pages"}],"about":[{"href":"https:\/\/www.medit.com.br\/site\/wp-json\/wp\/v2\/types\/page"}],"author":[{"embeddable":true,"href":"https:\/\/www.medit.com.br\/site\/wp-json\/wp\/v2\/users\/1"}],"replies":[{"embeddable":true,"href":"https:\/\/www.medit.com.br\/site\/wp-json\/wp\/v2\/comments?post=38"}],"version-history":[{"count":2,"href":"https:\/\/www.medit.com.br\/site\/wp-json\/wp\/v2\/pages\/38\/revisions"}],"predecessor-version":[{"id":164,"href":"https:\/\/www.medit.com.br\/site\/wp-json\/wp\/v2\/pages\/38\/revisions\/164"}],"wp:attachment":[{"href":"https:\/\/www.medit.com.br\/site\/wp-json\/wp\/v2\/media?parent=38"}],"curies":[{"name":"wp","href":"https:\/\/api.w.org\/{rel}","templated":true}]}}