{"id":36,"date":"2017-10-04T08:34:41","date_gmt":"2017-10-04T11:34:41","guid":{"rendered":"http:\/\/www.feltom.com.br\/medit\/?page_id=36"},"modified":"2025-07-28T14:00:44","modified_gmt":"2025-07-28T17:00:44","slug":"epi","status":"publish","type":"page","link":"https:\/\/www.medit.com.br\/site\/epi\/","title":{"rendered":"EPI &#8211; Uso e Conserva\u00e7\u00e3o"},"content":{"rendered":"<p>Equipamentos de Prote\u00e7\u00e3o Individual \u2013 EPI<\/p>\n<p>A NR-6 (Norma Regulamentadora n\u00ba 6) do Minist\u00e9rio do Trabalho e Emprego define EPI como qualquer dispositivo ou produto de uso individual destinado a proteger o trabalhador de riscos que possam amea\u00e7ar sua seguran\u00e7a e sa\u00fade.<\/p>\n<p>O objetivo principal do EPI \u00e9 reduzir ou eliminar a exposi\u00e7\u00e3o do trabalhador a riscos no ambiente de trabalho.<\/p>\n<p>\u00c9 responsabilidade do empregador fornecer os EPIs adequados aos seus trabalhadores e garantir que eles sejam utilizados corretamente.<\/p>\n<p>O uso de EPIs \u00e9 obrigat\u00f3rio em muitas situa\u00e7\u00f5es de trabalho, conforme estabelecido por leis e regulamentos.<\/p>\n<p>A Medit pode ajudar sua empresa no processo de escolha do Equipamento, entrega do produto com assinatura da respectiva Ficha de Entrega de EPI e treinamento de uso e conserva\u00e7\u00e3o do protetor.<\/p>\n<p>Para acessar detalhes do CA, <a href=\"http:\/\/caepi.mte.gov.br\/internet\/ConsultaCAInternet.aspx\" target=\"_blank\" rel=\"noopener\">clique aqui<\/a><\/p>\n","protected":false},"excerpt":{"rendered":"<p>Equipamentos de Prote\u00e7\u00e3o Individual \u2013 EPI A NR-6 (Norma Regulamentadora n\u00ba 6) do Minist\u00e9rio do Trabalho e Emprego define EPI como qualquer dispositivo ou produto de uso individual destinado a proteger o trabalhador de riscos que possam amea\u00e7ar sua seguran\u00e7a e sa\u00fade. O objetivo principal do EPI \u00e9 reduzir ou eliminar a exposi\u00e7\u00e3o do trabalhador &hellip; <\/p>\n<p class=\"link-more\"><a href=\"https:\/\/www.medit.com.br\/site\/epi\/\" class=\"more-link\">Continue lendo<span class=\"screen-reader-text\"> &#8220;EPI &#8211; Uso e Conserva\u00e7\u00e3o&#8221;<\/span><\/a><\/p>\n","protected":false},"author":1,"featured_media":0,"parent":0,"menu_order":0,"comment_status":"closed","ping_status":"closed","template":"","meta":{"_joinchat":[],"footnotes":""},"class_list":["post-36","page","type-page","status-publish","hentry"],"_links":{"self":[{"href":"https:\/\/www.medit.com.br\/site\/wp-json\/wp\/v2\/pages\/36","targetHints":{"allow":["GET"]}}],"collection":[{"href":"https:\/\/www.medit.com.br\/site\/wp-json\/wp\/v2\/pages"}],"about":[{"href":"https:\/\/www.medit.com.br\/site\/wp-json\/wp\/v2\/types\/page"}],"author":[{"embeddable":true,"href":"https:\/\/www.medit.com.br\/site\/wp-json\/wp\/v2\/users\/1"}],"replies":[{"embeddable":true,"href":"https:\/\/www.medit.com.br\/site\/wp-json\/wp\/v2\/comments?post=36"}],"version-history":[{"count":3,"href":"https:\/\/www.medit.com.br\/site\/wp-json\/wp\/v2\/pages\/36\/revisions"}],"predecessor-version":[{"id":162,"href":"https:\/\/www.medit.com.br\/site\/wp-json\/wp\/v2\/pages\/36\/revisions\/162"}],"wp:attachment":[{"href":"https:\/\/www.medit.com.br\/site\/wp-json\/wp\/v2\/media?parent=36"}],"curies":[{"name":"wp","href":"https:\/\/api.w.org\/{rel}","templated":true}]}}