{"id":34,"date":"2017-10-04T08:33:27","date_gmt":"2017-10-04T11:33:27","guid":{"rendered":"http:\/\/www.feltom.com.br\/medit\/?page_id=34"},"modified":"2025-08-07T08:13:06","modified_gmt":"2025-08-07T11:13:06","slug":"cipa","status":"publish","type":"page","link":"https:\/\/www.medit.com.br\/site\/cipa\/","title":{"rendered":"CIPA"},"content":{"rendered":"<p>Comiss\u00e3o Interna de Preven\u00e7\u00e3o de Acidentes e de Ass\u00e9dio &#8211; CIPA<\/p>\n<p>Institu\u00edda atrav\u00e9s da NR-5, tem como objetivo a conscientiza\u00e7\u00e3o dos trabalhadores, preven\u00e7\u00e3o de acidentes e de doen\u00e7as decorrentes do trabalho, de modo a tornar o ambiente de trabalho compat\u00edvel com a preserva\u00e7\u00e3o da vida e a promo\u00e7\u00e3o da sa\u00fade do trabalhador.<\/p>\n<p>O treinamento de CIPA tem carga hor\u00e1ria vari\u00e1vel de acordo com o Grau de Risco da empresa (conforme NR-4), podendo variar de 8 e 20 horas e podem ser ministrados presencialmente ou via EAD.<\/p>\n\n\n<p><\/p>\n","protected":false},"excerpt":{"rendered":"<p>Comiss\u00e3o Interna de Preven\u00e7\u00e3o de Acidentes e de Ass\u00e9dio &#8211; CIPA Institu\u00edda atrav\u00e9s da NR-5, tem como objetivo a conscientiza\u00e7\u00e3o dos trabalhadores, preven\u00e7\u00e3o de acidentes e de doen\u00e7as decorrentes do trabalho, de modo a tornar o ambiente de trabalho compat\u00edvel com a preserva\u00e7\u00e3o da vida e a promo\u00e7\u00e3o da sa\u00fade do trabalhador. O treinamento de &hellip; <\/p>\n<p class=\"link-more\"><a href=\"https:\/\/www.medit.com.br\/site\/cipa\/\" class=\"more-link\">Continue lendo<span class=\"screen-reader-text\"> &#8220;CIPA&#8221;<\/span><\/a><\/p>\n","protected":false},"author":1,"featured_media":0,"parent":0,"menu_order":0,"comment_status":"closed","ping_status":"closed","template":"","meta":{"_joinchat":[],"footnotes":""},"class_list":["post-34","page","type-page","status-publish","hentry"],"_links":{"self":[{"href":"https:\/\/www.medit.com.br\/site\/wp-json\/wp\/v2\/pages\/34","targetHints":{"allow":["GET"]}}],"collection":[{"href":"https:\/\/www.medit.com.br\/site\/wp-json\/wp\/v2\/pages"}],"about":[{"href":"https:\/\/www.medit.com.br\/site\/wp-json\/wp\/v2\/types\/page"}],"author":[{"embeddable":true,"href":"https:\/\/www.medit.com.br\/site\/wp-json\/wp\/v2\/users\/1"}],"replies":[{"embeddable":true,"href":"https:\/\/www.medit.com.br\/site\/wp-json\/wp\/v2\/comments?post=34"}],"version-history":[{"count":6,"href":"https:\/\/www.medit.com.br\/site\/wp-json\/wp\/v2\/pages\/34\/revisions"}],"predecessor-version":[{"id":169,"href":"https:\/\/www.medit.com.br\/site\/wp-json\/wp\/v2\/pages\/34\/revisions\/169"}],"wp:attachment":[{"href":"https:\/\/www.medit.com.br\/site\/wp-json\/wp\/v2\/media?parent=34"}],"curies":[{"name":"wp","href":"https:\/\/api.w.org\/{rel}","templated":true}]}}