{"id":118,"date":"2018-04-24T17:21:40","date_gmt":"2018-04-24T20:21:40","guid":{"rendered":"http:\/\/www.medit.com.br\/site\/?page_id=118"},"modified":"2018-04-24T17:21:40","modified_gmt":"2018-04-24T20:21:40","slug":"a-medit-e-o-pcmso","status":"publish","type":"page","link":"https:\/\/www.medit.com.br\/site\/a-medit-e-o-pcmso\/","title":{"rendered":"A MEDIT e o PCMSO"},"content":{"rendered":"<p>Para cada exame ocupacional realizado, o m\u00e9dico emitir\u00e1 o Atestado de Sa\u00fade Ocupacional &#8211; ASO, em 2 (duas) vias. A primeira via do ASO ficar\u00e1 arquivada no local de trabalho do trabalhador, \u00e0 disposi\u00e7\u00e3o da fiscaliza\u00e7\u00e3o do trabalho. A segunda via do ASO ser\u00e1 obrigatoriamente entregue ao trabalhador, mediante recibo na primeira via.<\/p>\n<p>A Medit conta com um corpo t\u00e9cnico adequado para o desenvolvimento do PCMSO em sua empresa e vasta experi\u00eancia na \u00e1rea de medicina ocupacional. Uma vez detectado um problema com a sa\u00fade do trabalhador, tanto o empregado e quanto a empresa ser\u00e3o orientados, de forma imparcial, quanto aos procedimentos a serem tomados.<\/p>\n","protected":false},"excerpt":{"rendered":"<p>Para cada exame ocupacional realizado, o m\u00e9dico emitir\u00e1 o Atestado de Sa\u00fade Ocupacional &#8211; ASO, em 2 (duas) vias. A primeira via do ASO ficar\u00e1 arquivada no local de trabalho do trabalhador, \u00e0 disposi\u00e7\u00e3o da fiscaliza\u00e7\u00e3o do trabalho. A segunda via do ASO ser\u00e1 obrigatoriamente entregue ao trabalhador, mediante recibo na primeira via. A Medit &hellip; <\/p>\n<p class=\"link-more\"><a href=\"https:\/\/www.medit.com.br\/site\/a-medit-e-o-pcmso\/\" class=\"more-link\">Continue lendo<span class=\"screen-reader-text\"> &#8220;A MEDIT e o PCMSO&#8221;<\/span><\/a><\/p>\n","protected":false},"author":2,"featured_media":0,"parent":0,"menu_order":0,"comment_status":"closed","ping_status":"closed","template":"","meta":{"_joinchat":[],"footnotes":""},"class_list":["post-118","page","type-page","status-publish","hentry"],"_links":{"self":[{"href":"https:\/\/www.medit.com.br\/site\/wp-json\/wp\/v2\/pages\/118","targetHints":{"allow":["GET"]}}],"collection":[{"href":"https:\/\/www.medit.com.br\/site\/wp-json\/wp\/v2\/pages"}],"about":[{"href":"https:\/\/www.medit.com.br\/site\/wp-json\/wp\/v2\/types\/page"}],"author":[{"embeddable":true,"href":"https:\/\/www.medit.com.br\/site\/wp-json\/wp\/v2\/users\/2"}],"replies":[{"embeddable":true,"href":"https:\/\/www.medit.com.br\/site\/wp-json\/wp\/v2\/comments?post=118"}],"version-history":[{"count":1,"href":"https:\/\/www.medit.com.br\/site\/wp-json\/wp\/v2\/pages\/118\/revisions"}],"predecessor-version":[{"id":124,"href":"https:\/\/www.medit.com.br\/site\/wp-json\/wp\/v2\/pages\/118\/revisions\/124"}],"wp:attachment":[{"href":"https:\/\/www.medit.com.br\/site\/wp-json\/wp\/v2\/media?parent=118"}],"curies":[{"name":"wp","href":"https:\/\/api.w.org\/{rel}","templated":true}]}}